{"id":35111,"date":"2025-11-03T17:19:28","date_gmt":"2025-11-03T20:19:28","guid":{"rendered":"https:\/\/site.senior.com.br\/es\/?page_id=35111"},"modified":"2025-11-07T12:00:25","modified_gmt":"2025-11-07T15:00:25","slug":"portal-de-privacidad","status":"publish","type":"page","link":"https:\/\/site.senior.com.br\/es\/portal-de-privacidad\/","title":{"rendered":"Portal de Privacidad"},"content":{"rendered":"\t\t<div data-elementor-type=\"wp-page\" data-elementor-id=\"35111\" class=\"elementor elementor-35111\" data-elementor-post-type=\"page\">\n\t\t\t\t<div class=\"elementor-element elementor-element-592856d4 e-flex e-con-boxed e-con e-parent\" data-id=\"592856d4\" data-element_type=\"container\" data-e-type=\"container\" data-settings=\"{&quot;background_background&quot;:&quot;classic&quot;}\">\n\t\t\t\t\t<div class=\"e-con-inner\">\n\t\t<div class=\"elementor-element elementor-element-3e62c5fb e-con-full e-flex e-con e-child\" data-id=\"3e62c5fb\" data-element_type=\"container\" data-e-type=\"container\">\n\t\t\t\t<div class=\"elementor-element elementor-element-6e69c575 elementor-widget-mobile__width-initial elementor-widget elementor-widget-heading\" data-id=\"6e69c575\" data-element_type=\"widget\" data-e-type=\"widget\" data-widget_type=\"heading.default\">\n\t\t\t\t<div class=\"elementor-widget-container\">\n\t\t\t\t\t<h1 class=\"elementor-heading-title elementor-size-default\"><span class=\"vetor-esquerdo vetor-icon\"><img decoding=\"async\" src=\"https:\/\/senior-site-institucional-prod.s3.amazonaws.com\/wp-content\/uploads\/sites\/2\/2025\/10\/06152752\/Camada_1-20.png\" \/>\n\n\n<\/span> \n<span class=\"highlight-green-light\">Portal de Privacidad\n\n\n\n\n<\/span><span class=\"vetor-direito vetor-icon\"><img decoding=\"async\" src=\"https:\/\/senior-site-institucional-prod.s3.amazonaws.com\/wp-content\/uploads\/sites\/2\/2025\/10\/06152737\/Camada_1-19.png\" \/>\n\n<\/span> <\/h1>\t\t\t\t<\/div>\n\t\t\t\t<\/div>\n\t\t\t\t<div class=\"elementor-element elementor-element-74a8e087 elementor-widget__width-initial elementor-widget elementor-widget-heading\" data-id=\"74a8e087\" data-element_type=\"widget\" data-e-type=\"widget\" data-widget_type=\"heading.default\">\n\t\t\t\t<div class=\"elementor-widget-container\">\n\t\t\t\t\t<p class=\"elementor-heading-title elementor-size-default\">Senior Sistemas es una referencia nacional en tecnolog\u00eda para la gesti\u00f3n. Y, como bien sabes, esto solo es posible mediante la recolecci\u00f3n y gesti\u00f3n de datos. Para garantizar total seguridad y privacidad, tanto la tuya como la de tu empresa, Senior cuenta con una estricta Pol\u00edtica de Privacidad y Pol\u00edtica de Cookies.<\/p>\t\t\t\t<\/div>\n\t\t\t\t<\/div>\n\t\t\t\t<\/div>\n\t\t\t\t<div class=\"elementor-element elementor-element-2bf5216a elementor-widget__width-initial elementor-widget elementor-widget-heading\" data-id=\"2bf5216a\" data-element_type=\"widget\" data-e-type=\"widget\" data-widget_type=\"heading.default\">\n\t\t\t\t<div class=\"elementor-widget-container\">\n\t\t\t\t\t<p class=\"elementor-heading-title elementor-size-default\"><b>Encargados de Datos\n<\/b><br>\nJean Carlo Corr\u00eaa Gomes<br>\nVanessa Cristina Westarb<\/br><\/p>\t\t\t\t<\/div>\n\t\t\t\t<\/div>\n\t\t\t\t\t<\/div>\n\t\t\t\t<\/div>\n\t\t<div class=\"elementor-element elementor-element-4a47f67e e-flex e-con-boxed e-con e-parent\" data-id=\"4a47f67e\" data-element_type=\"container\" data-e-type=\"container\" data-settings=\"{&quot;background_background&quot;:&quot;classic&quot;}\">\n\t\t\t\t\t<div class=\"e-con-inner\">\n\t\t<div class=\"elementor-element elementor-element-56384943 e-con-full e-flex e-con e-child\" data-id=\"56384943\" data-element_type=\"container\" data-e-type=\"container\">\n\t\t\t\t<div class=\"elementor-element elementor-element-491e2130 elementor-widget__width-initial elementor-widget elementor-widget-heading\" data-id=\"491e2130\" data-element_type=\"widget\" data-e-type=\"widget\" data-widget_type=\"heading.default\">\n\t\t\t\t<div class=\"elementor-widget-container\">\n\t\t\t\t\t<h2 class=\"elementor-heading-title elementor-size-default\">Consulta nuestra Pol\u00edtica de Privacidad y nuestra Pol\u00edtica de Cookies\n<\/h2>\t\t\t\t<\/div>\n\t\t\t\t<\/div>\n\t\t\t\t<div class=\"elementor-element elementor-element-16237634 elementor-widget__width-initial elementor-widget elementor-widget-heading\" data-id=\"16237634\" data-element_type=\"widget\" data-e-type=\"widget\" data-widget_type=\"heading.default\">\n\t\t\t\t<div class=\"elementor-widget-container\">\n\t\t\t\t\t<p class=\"elementor-heading-title elementor-size-default\">Conoce los detalles sobre tus derechos, qu\u00e9 datos recopilamos y utilizamos, con qui\u00e9n los compartimos y cu\u00e1les son sus finalidades.<\/p>\t\t\t\t<\/div>\n\t\t\t\t<\/div>\n\t\t\t\t<\/div>\n\t\t<div class=\"elementor-element elementor-element-7a39370d e-con-full e-flex e-con e-child\" data-id=\"7a39370d\" data-element_type=\"container\" data-e-type=\"container\">\n\t\t<a class=\"elementor-element elementor-element-dc2f87b e-con-full e-flex e-con e-child\" data-id=\"dc2f87b\" data-element_type=\"container\" data-e-type=\"container\" data-settings=\"{&quot;background_background&quot;:&quot;classic&quot;}\" href=\"https:\/\/www.senior.com.br\/politica-de-privacidade-es\" target=\"_blank\">\n\t\t\t\t<div class=\"elementor-element elementor-element-36a196f5 elementor-widget__width-initial elementor-widget elementor-widget-image\" data-id=\"36a196f5\" data-element_type=\"widget\" data-e-type=\"widget\" data-widget_type=\"image.default\">\n\t\t\t\t<div class=\"elementor-widget-container\">\n\t\t\t\t\t\t\t\t\t\t\t\t\t\t\t<img fetchpriority=\"high\" decoding=\"async\" width=\"1024\" height=\"1024\" src=\"https:\/\/senior-site-institucional-prod.s3.amazonaws.com\/wp-content\/uploads\/sites\/3\/2025\/11\/07111201\/privacy-1024x1024.png\" class=\"attachment-large size-large wp-image-35282\" alt=\"\" srcset=\"https:\/\/senior-site-institucional-prod.s3.amazonaws.com\/wp-content\/uploads\/sites\/3\/2025\/11\/07111201\/privacy-1024x1024.png 1024w, https:\/\/senior-site-institucional-prod.s3.amazonaws.com\/wp-content\/uploads\/sites\/3\/2025\/11\/07111201\/privacy-300x300.png 300w, https:\/\/senior-site-institucional-prod.s3.amazonaws.com\/wp-content\/uploads\/sites\/3\/2025\/11\/07111201\/privacy-150x150.png 150w, https:\/\/senior-site-institucional-prod.s3.amazonaws.com\/wp-content\/uploads\/sites\/3\/2025\/11\/07111201\/privacy-768x768.png 768w, https:\/\/senior-site-institucional-prod.s3.amazonaws.com\/wp-content\/uploads\/sites\/3\/2025\/11\/07111201\/privacy.png 1154w\" sizes=\"(max-width: 1024px) 100vw, 1024px\" \/>\t\t\t\t\t\t\t\t\t\t\t\t\t\t\t<\/div>\n\t\t\t\t<\/div>\n\t\t\t\t<div class=\"elementor-element elementor-element-74f95175 elementor-widget elementor-widget-heading\" data-id=\"74f95175\" data-element_type=\"widget\" data-e-type=\"widget\" data-widget_type=\"heading.default\">\n\t\t\t\t<div class=\"elementor-widget-container\">\n\t\t\t\t\t<h2 class=\"elementor-heading-title elementor-size-default\">Pol\u00edtica de Privacidad\n<\/h2>\t\t\t\t<\/div>\n\t\t\t\t<\/div>\n\t\t\t\t<div class=\"elementor-element elementor-element-734ee105 elementor-widget__width-initial elementor-widget elementor-widget-heading\" data-id=\"734ee105\" data-element_type=\"widget\" data-e-type=\"widget\" data-widget_type=\"heading.default\">\n\t\t\t\t<div class=\"elementor-widget-container\">\n\t\t\t\t\t<p class=\"elementor-heading-title elementor-size-default\">Esta pol\u00edtica explica los procesos de tratamiento de datos personales de Senior, incluyendo la forma en que son recopilados, utilizados y con qu\u00e9 fines.<\/p>\t\t\t\t<\/div>\n\t\t\t\t<\/div>\n\t\t\t\t<div class=\"elementor-element elementor-element-5234809c elementor-widget__width-initial elementor-widget elementor-widget-heading\" data-id=\"5234809c\" data-element_type=\"widget\" data-e-type=\"widget\" data-widget_type=\"heading.default\">\n\t\t\t\t<div class=\"elementor-widget-container\">\n\t\t\t\t\t<p class=\"elementor-heading-title elementor-size-default\">Conoce la Pol\u00edtica de Privacidad<\/p>\t\t\t\t<\/div>\n\t\t\t\t<\/div>\n\t\t\t\t<\/a>\n\t\t<a class=\"elementor-element elementor-element-61abfb33 e-con-full e-flex e-con e-child\" data-id=\"61abfb33\" data-element_type=\"container\" data-e-type=\"container\" data-settings=\"{&quot;background_background&quot;:&quot;classic&quot;}\" href=\"https:\/\/www.senior.com.br\/politica-de-cookies-es\" target=\"_blank\">\n\t\t\t\t<div class=\"elementor-element elementor-element-33d56825 elementor-widget__width-initial elementor-widget elementor-widget-image\" data-id=\"33d56825\" data-element_type=\"widget\" data-e-type=\"widget\" data-widget_type=\"image.default\">\n\t\t\t\t<div class=\"elementor-widget-container\">\n\t\t\t\t\t\t\t\t\t\t\t\t\t\t\t<img decoding=\"async\" width=\"512\" height=\"512\" src=\"https:\/\/senior-site-institucional-prod.s3.amazonaws.com\/wp-content\/uploads\/sites\/3\/2025\/11\/07111203\/cookie.png\" class=\"attachment-large size-large wp-image-35283\" alt=\"\" srcset=\"https:\/\/senior-site-institucional-prod.s3.amazonaws.com\/wp-content\/uploads\/sites\/3\/2025\/11\/07111203\/cookie.png 512w, https:\/\/senior-site-institucional-prod.s3.amazonaws.com\/wp-content\/uploads\/sites\/3\/2025\/11\/07111203\/cookie-300x300.png 300w, https:\/\/senior-site-institucional-prod.s3.amazonaws.com\/wp-content\/uploads\/sites\/3\/2025\/11\/07111203\/cookie-150x150.png 150w\" sizes=\"(max-width: 512px) 100vw, 512px\" \/>\t\t\t\t\t\t\t\t\t\t\t\t\t\t\t<\/div>\n\t\t\t\t<\/div>\n\t\t\t\t<div class=\"elementor-element elementor-element-147d24d6 elementor-widget elementor-widget-heading\" data-id=\"147d24d6\" data-element_type=\"widget\" data-e-type=\"widget\" data-widget_type=\"heading.default\">\n\t\t\t\t<div class=\"elementor-widget-container\">\n\t\t\t\t\t<h2 class=\"elementor-heading-title elementor-size-default\">Pol\u00edtica de Cookies\n<\/h2>\t\t\t\t<\/div>\n\t\t\t\t<\/div>\n\t\t\t\t<div class=\"elementor-element elementor-element-70141a95 elementor-widget__width-initial elementor-widget elementor-widget-heading\" data-id=\"70141a95\" data-element_type=\"widget\" data-e-type=\"widget\" data-widget_type=\"heading.default\">\n\t\t\t\t<div class=\"elementor-widget-container\">\n\t\t\t\t\t<p class=\"elementor-heading-title elementor-size-default\">Las cookies son informaciones generadas cuando accedes a un sitio web. Estas informaciones se almacenan en tu navegador, permitiendo la transmisi\u00f3n al operador del sitio de datos como, por ejemplo, el idioma seleccionado.<\/p>\t\t\t\t<\/div>\n\t\t\t\t<\/div>\n\t\t\t\t<div class=\"elementor-element elementor-element-72ce1507 elementor-widget__width-initial elementor-widget elementor-widget-heading\" data-id=\"72ce1507\" data-element_type=\"widget\" data-e-type=\"widget\" data-widget_type=\"heading.default\">\n\t\t\t\t<div class=\"elementor-widget-container\">\n\t\t\t\t\t<p class=\"elementor-heading-title elementor-size-default\">Conoce la Pol\u00edtica de Cookies<\/p>\t\t\t\t<\/div>\n\t\t\t\t<\/div>\n\t\t\t\t<\/a>\n\t\t\t\t<\/div>\n\t\t\t\t\t<\/div>\n\t\t\t\t<\/div>\n\t\t<div class=\"elementor-element elementor-element-3fadc8cb e-flex e-con-boxed e-con e-parent\" data-id=\"3fadc8cb\" data-element_type=\"container\" data-e-type=\"container\">\n\t\t\t\t\t<div class=\"e-con-inner\">\n\t\t<div class=\"elementor-element elementor-element-6d46495c e-con-full e-flex e-con e-child\" data-id=\"6d46495c\" data-element_type=\"container\" data-e-type=\"container\">\n\t\t\t\t<div class=\"elementor-element elementor-element-5543a065 elementor-widget__width-initial elementor-widget elementor-widget-heading\" data-id=\"5543a065\" data-element_type=\"widget\" data-e-type=\"widget\" data-widget_type=\"heading.default\">\n\t\t\t\t<div class=\"elementor-widget-container\">\n\t\t\t\t\t<h2 class=\"elementor-heading-title elementor-size-default\">\u00bfTienes alguna duda sobre la protecci\u00f3n y privacidad de tus datos?<\/h2>\t\t\t\t<\/div>\n\t\t\t\t<\/div>\n\t\t\t\t<div class=\"elementor-element elementor-element-29c4f88 elementor-widget__width-initial elementor-widget elementor-widget-heading\" data-id=\"29c4f88\" data-element_type=\"widget\" data-e-type=\"widget\" data-widget_type=\"heading.default\">\n\t\t\t\t<div class=\"elementor-widget-container\">\n\t\t\t\t\t<p class=\"elementor-heading-title elementor-size-default\">Ponte en contacto con el encargado de datos de Senior.<\/p>\t\t\t\t<\/div>\n\t\t\t\t<\/div>\n\t\t<div class=\"elementor-element elementor-element-a660253 e-con-full e-flex e-con e-child\" data-id=\"a660253\" data-element_type=\"container\" data-e-type=\"container\">\n\t\t\t\t<div class=\"elementor-element elementor-element-9fd9326 elementor-widget elementor-widget-html\" data-id=\"9fd9326\" data-element_type=\"widget\" data-e-type=\"widget\" data-widget_type=\"html.default\">\n\t\t\t\t<div class=\"elementor-widget-container\">\n\t\t\t\t\t<script charset=\"utf-8\" type=\"text\/javascript\" src=\"\/\/js.hsforms.net\/forms\/embed\/v2.js\"><\/script>\r\n<script>\r\n hbspt.forms.create({\r\n  portalId: \"20786608\",\r\n  formId: \"74349eb0-7dd1-4c4a-831d-24a378ac1ec5\",\r\n  region: \"na1\"\r\n });\r\n<\/script>\t\t\t\t<\/div>\n\t\t\t\t<\/div>\n\t\t\t\t<\/div>\n\t\t\t\t<\/div>\n\t\t\t\t\t<\/div>\n\t\t\t\t<\/div>\n\t\t\t\t<\/div>\n\t\t","protected":false},"excerpt":{"rendered":"<p>Portal de Privacidad Senior Sistemas es una referencia nacional en tecnolog\u00eda para la gesti\u00f3n. Y, como bien sabes, esto solo es posible mediante la recolecci\u00f3n y gesti\u00f3n de datos. Para garantizar total seguridad y privacidad, tanto la tuya como la de tu empresa, Senior cuenta con una estricta Pol\u00edtica de Privacidad y Pol\u00edtica de Cookies. [&hellip;]<\/p>\n","protected":false},"author":5,"featured_media":0,"parent":0,"menu_order":0,"comment_status":"closed","ping_status":"closed","template":"","meta":{"_acf_changed":false,"footnotes":""},"class_list":["post-35111","page","type-page","status-publish","hentry"],"acf":[],"yoast_head":"<!-- This site is optimized with the Yoast SEO plugin v27.2 - https:\/\/yoast.com\/product\/yoast-seo-wordpress\/ -->\n<title>Portal de Privacidad - Senior Sistemas<\/title>\n<meta name=\"description\" content=\"Conoce los detalles sobre tus derechos, qu\u00e9 datos recopilamos y utilizamos, con qui\u00e9n los compartimos y cu\u00e1les son sus finalidades.\" \/>\n<meta name=\"robots\" content=\"index, follow, max-snippet:-1, max-image-preview:large, max-video-preview:-1\" \/>\n<link rel=\"canonical\" href=\"https:\/\/site.senior.com.br\/es\/portal-de-privacidad\/\" \/>\n<meta property=\"og:locale\" content=\"pt_BR\" \/>\n<meta property=\"og:type\" content=\"article\" \/>\n<meta property=\"og:title\" content=\"Portal de Privacidad - Senior Sistemas\" \/>\n<meta property=\"og:description\" content=\"Conoce los detalles sobre tus derechos, qu\u00e9 datos recopilamos y utilizamos, con qui\u00e9n los compartimos y cu\u00e1les son sus finalidades.\" \/>\n<meta property=\"og:url\" content=\"https:\/\/site.senior.com.br\/es\/portal-de-privacidad\/\" \/>\n<meta property=\"og:site_name\" content=\"Senior Sistemas\" \/>\n<meta property=\"article:modified_time\" content=\"2025-11-07T15:00:25+00:00\" \/>\n<meta property=\"og:image\" content=\"https:\/\/senior-site-institucional-prod.s3.amazonaws.com\/wp-content\/uploads\/sites\/3\/2025\/11\/03172843\/senior-logo-1.png\" \/>\n\t<meta property=\"og:image:width\" content=\"400\" \/>\n\t<meta property=\"og:image:height\" content=\"288\" \/>\n\t<meta property=\"og:image:type\" content=\"image\/png\" \/>\n<meta name=\"twitter:card\" content=\"summary_large_image\" \/>\n<meta name=\"twitter:label1\" content=\"Est. tempo de leitura\" \/>\n\t<meta name=\"twitter:data1\" content=\"2 minutos\" \/>\n<script type=\"application\/ld+json\" class=\"yoast-schema-graph\">{\"@context\":\"https:\/\/schema.org\",\"@graph\":[{\"@type\":\"WebPage\",\"@id\":\"https:\/\/site.senior.com.br\/es\/portal-de-privacidad\/\",\"url\":\"https:\/\/site.senior.com.br\/es\/portal-de-privacidad\/\",\"name\":\"Portal de Privacidad - Senior Sistemas\",\"isPartOf\":{\"@id\":\"https:\/\/site.senior.com.br\/es\/#website\"},\"primaryImageOfPage\":{\"@id\":\"https:\/\/site.senior.com.br\/es\/portal-de-privacidad\/#primaryimage\"},\"image\":{\"@id\":\"https:\/\/site.senior.com.br\/es\/portal-de-privacidad\/#primaryimage\"},\"thumbnailUrl\":\"https:\/\/senior-site-institucional-prod.s3.amazonaws.com\/wp-content\/uploads\/sites\/2\/2025\/10\/06152752\/Camada_1-20.png\",\"datePublished\":\"2025-11-03T20:19:28+00:00\",\"dateModified\":\"2025-11-07T15:00:25+00:00\",\"description\":\"Conoce los detalles sobre tus derechos, qu\u00e9 datos recopilamos y utilizamos, con qui\u00e9n los compartimos y cu\u00e1les son sus finalidades.\",\"breadcrumb\":{\"@id\":\"https:\/\/site.senior.com.br\/es\/portal-de-privacidad\/#breadcrumb\"},\"inLanguage\":\"pt-BR\",\"potentialAction\":[{\"@type\":\"ReadAction\",\"target\":[\"https:\/\/site.senior.com.br\/es\/portal-de-privacidad\/\"]}]},{\"@type\":\"ImageObject\",\"inLanguage\":\"pt-BR\",\"@id\":\"https:\/\/site.senior.com.br\/es\/portal-de-privacidad\/#primaryimage\",\"url\":\"https:\/\/senior-site-institucional-prod.s3.amazonaws.com\/wp-content\/uploads\/sites\/2\/2025\/10\/06152752\/Camada_1-20.png\",\"contentUrl\":\"https:\/\/senior-site-institucional-prod.s3.amazonaws.com\/wp-content\/uploads\/sites\/2\/2025\/10\/06152752\/Camada_1-20.png\"},{\"@type\":\"BreadcrumbList\",\"@id\":\"https:\/\/site.senior.com.br\/es\/portal-de-privacidad\/#breadcrumb\",\"itemListElement\":[{\"@type\":\"ListItem\",\"position\":1,\"name\":\"In\u00edcio\",\"item\":\"https:\/\/site.senior.com.br\/es\/\"},{\"@type\":\"ListItem\",\"position\":2,\"name\":\"Portal de Privacidad\"}]},{\"@type\":\"WebSite\",\"@id\":\"https:\/\/site.senior.com.br\/es\/#website\",\"url\":\"https:\/\/site.senior.com.br\/es\/\",\"name\":\"Senior Sistemas\",\"description\":\"\",\"potentialAction\":[{\"@type\":\"SearchAction\",\"target\":{\"@type\":\"EntryPoint\",\"urlTemplate\":\"https:\/\/site.senior.com.br\/es\/?s={search_term_string}\"},\"query-input\":{\"@type\":\"PropertyValueSpecification\",\"valueRequired\":true,\"valueName\":\"search_term_string\"}}],\"inLanguage\":\"pt-BR\"}]}<\/script>\n<!-- \/ Yoast SEO plugin. -->","yoast_head_json":{"title":"Portal de Privacidad - Senior Sistemas","description":"Conoce los detalles sobre tus derechos, qu\u00e9 datos recopilamos y utilizamos, con qui\u00e9n los compartimos y cu\u00e1les son sus finalidades.","robots":{"index":"index","follow":"follow","max-snippet":"max-snippet:-1","max-image-preview":"max-image-preview:large","max-video-preview":"max-video-preview:-1"},"canonical":"https:\/\/site.senior.com.br\/es\/portal-de-privacidad\/","og_locale":"pt_BR","og_type":"article","og_title":"Portal de Privacidad - Senior Sistemas","og_description":"Conoce los detalles sobre tus derechos, qu\u00e9 datos recopilamos y utilizamos, con qui\u00e9n los compartimos y cu\u00e1les son sus finalidades.","og_url":"https:\/\/site.senior.com.br\/es\/portal-de-privacidad\/","og_site_name":"Senior Sistemas","article_modified_time":"2025-11-07T15:00:25+00:00","og_image":[{"width":400,"height":288,"url":"https:\/\/senior-site-institucional-prod.s3.amazonaws.com\/wp-content\/uploads\/sites\/3\/2025\/11\/03172843\/senior-logo-1.png","type":"image\/png"}],"twitter_card":"summary_large_image","twitter_misc":{"Est. tempo de leitura":"2 minutos"},"schema":{"@context":"https:\/\/schema.org","@graph":[{"@type":"WebPage","@id":"https:\/\/site.senior.com.br\/es\/portal-de-privacidad\/","url":"https:\/\/site.senior.com.br\/es\/portal-de-privacidad\/","name":"Portal de Privacidad - Senior Sistemas","isPartOf":{"@id":"https:\/\/site.senior.com.br\/es\/#website"},"primaryImageOfPage":{"@id":"https:\/\/site.senior.com.br\/es\/portal-de-privacidad\/#primaryimage"},"image":{"@id":"https:\/\/site.senior.com.br\/es\/portal-de-privacidad\/#primaryimage"},"thumbnailUrl":"https:\/\/senior-site-institucional-prod.s3.amazonaws.com\/wp-content\/uploads\/sites\/2\/2025\/10\/06152752\/Camada_1-20.png","datePublished":"2025-11-03T20:19:28+00:00","dateModified":"2025-11-07T15:00:25+00:00","description":"Conoce los detalles sobre tus derechos, qu\u00e9 datos recopilamos y utilizamos, con qui\u00e9n los compartimos y cu\u00e1les son sus finalidades.","breadcrumb":{"@id":"https:\/\/site.senior.com.br\/es\/portal-de-privacidad\/#breadcrumb"},"inLanguage":"pt-BR","potentialAction":[{"@type":"ReadAction","target":["https:\/\/site.senior.com.br\/es\/portal-de-privacidad\/"]}]},{"@type":"ImageObject","inLanguage":"pt-BR","@id":"https:\/\/site.senior.com.br\/es\/portal-de-privacidad\/#primaryimage","url":"https:\/\/senior-site-institucional-prod.s3.amazonaws.com\/wp-content\/uploads\/sites\/2\/2025\/10\/06152752\/Camada_1-20.png","contentUrl":"https:\/\/senior-site-institucional-prod.s3.amazonaws.com\/wp-content\/uploads\/sites\/2\/2025\/10\/06152752\/Camada_1-20.png"},{"@type":"BreadcrumbList","@id":"https:\/\/site.senior.com.br\/es\/portal-de-privacidad\/#breadcrumb","itemListElement":[{"@type":"ListItem","position":1,"name":"In\u00edcio","item":"https:\/\/site.senior.com.br\/es\/"},{"@type":"ListItem","position":2,"name":"Portal de Privacidad"}]},{"@type":"WebSite","@id":"https:\/\/site.senior.com.br\/es\/#website","url":"https:\/\/site.senior.com.br\/es\/","name":"Senior Sistemas","description":"","potentialAction":[{"@type":"SearchAction","target":{"@type":"EntryPoint","urlTemplate":"https:\/\/site.senior.com.br\/es\/?s={search_term_string}"},"query-input":{"@type":"PropertyValueSpecification","valueRequired":true,"valueName":"search_term_string"}}],"inLanguage":"pt-BR"}]}},"_links":{"self":[{"href":"https:\/\/site.senior.com.br\/es\/wp-json\/wp\/v2\/pages\/35111","targetHints":{"allow":["GET"]}}],"collection":[{"href":"https:\/\/site.senior.com.br\/es\/wp-json\/wp\/v2\/pages"}],"about":[{"href":"https:\/\/site.senior.com.br\/es\/wp-json\/wp\/v2\/types\/page"}],"author":[{"embeddable":true,"href":"https:\/\/site.senior.com.br\/es\/wp-json\/wp\/v2\/users\/5"}],"replies":[{"embeddable":true,"href":"https:\/\/site.senior.com.br\/es\/wp-json\/wp\/v2\/comments?post=35111"}],"version-history":[{"count":36,"href":"https:\/\/site.senior.com.br\/es\/wp-json\/wp\/v2\/pages\/35111\/revisions"}],"predecessor-version":[{"id":35287,"href":"https:\/\/site.senior.com.br\/es\/wp-json\/wp\/v2\/pages\/35111\/revisions\/35287"}],"wp:attachment":[{"href":"https:\/\/site.senior.com.br\/es\/wp-json\/wp\/v2\/media?parent=35111"}],"curies":[{"name":"wp","href":"https:\/\/api.w.org\/{rel}","templated":true}]}}