{"id":34469,"date":"2025-10-15T11:06:20","date_gmt":"2025-10-15T14:06:20","guid":{"rendered":"https:\/\/site.senior.com.br\/es\/?page_id=34469"},"modified":"2025-11-07T16:20:42","modified_gmt":"2025-11-07T19:20:42","slug":"sobre","status":"publish","type":"page","link":"https:\/\/site.senior.com.br\/es\/sobre\/","title":{"rendered":"Sobre"},"content":{"rendered":"\t\t<div data-elementor-type=\"wp-page\" data-elementor-id=\"34469\" class=\"elementor elementor-34469\" data-elementor-post-type=\"page\">\n\t\t\t\t<div class=\"elementor-element elementor-element-1e8fa38c e-flex e-con-boxed e-con e-parent\" data-id=\"1e8fa38c\" data-element_type=\"container\" data-e-type=\"container\" data-settings=\"{&quot;background_background&quot;:&quot;video&quot;,&quot;background_video_link&quot;:&quot;https:\\\/\\\/senior-site-institucional-prod.s3.amazonaws.com\\\/wp-content\\\/uploads\\\/sites\\\/2\\\/2025\\\/07\\\/25114605\\\/drone-senior-1-1.mp4&quot;,&quot;background_play_on_mobile&quot;:&quot;yes&quot;}\">\n\t\t\t\t\t<div class=\"e-con-inner\">\n\t\t<div class=\"elementor-background-video-container\">\n\t\t\t\t\t\t\t<video class=\"elementor-background-video-hosted\" role=\"presentation\" autoplay muted playsinline loop><\/video>\n\t\t\t\t\t<\/div><div class=\"elementor-element elementor-element-739d0425 e-con-full e-flex e-con e-child\" data-id=\"739d0425\" data-element_type=\"container\" data-e-type=\"container\">\n\t\t\t\t<div class=\"elementor-element elementor-element-30777023 elementor-widget elementor-widget-heading\" data-id=\"30777023\" data-element_type=\"widget\" data-e-type=\"widget\" data-widget_type=\"heading.default\">\n\t\t\t\t<div class=\"elementor-widget-container\">\n\t\t\t\t\t<h1 class=\"elementor-heading-title elementor-size-default\">Tecnolog\u00eda para <span class=\"highlight-green-light\"><span style=\"font-weight:700\"> quienes lideran<\/span><\/span><\/h1>\t\t\t\t<\/div>\n\t\t\t\t<\/div>\n\t\t\t\t<div class=\"elementor-element elementor-element-151d1b75 elementor-widget__width-initial elementor-widget elementor-widget-heading\" data-id=\"151d1b75\" data-element_type=\"widget\" data-e-type=\"widget\" data-widget_type=\"heading.default\">\n\t\t\t\t<div class=\"elementor-widget-container\">\n\t\t\t\t\t<p class=\"elementor-heading-title elementor-size-default\">Somos Senior, especialistas en soluciones de gesti\u00f3n con IA integrada para transformar datos en decisiones y negocios en resultados.<\/p>\t\t\t\t<\/div>\n\t\t\t\t<\/div>\n\t\t\t\t<\/div>\n\t\t\t\t\t<\/div>\n\t\t\t\t<\/div>\n\t\t<div class=\"elementor-element elementor-element-202b5333 e-flex e-con-boxed e-con e-parent\" data-id=\"202b5333\" data-element_type=\"container\" data-e-type=\"container\" data-settings=\"{&quot;background_background&quot;:&quot;classic&quot;}\">\n\t\t\t\t\t<div class=\"e-con-inner\">\n\t\t<div class=\"elementor-element elementor-element-7ef87d8f e-con-full e-flex e-con e-child\" data-id=\"7ef87d8f\" data-element_type=\"container\" data-e-type=\"container\">\n\t\t\t\t<div class=\"elementor-element elementor-element-1815669e elementor-hidden-mobile elementor-widget elementor-widget-image\" data-id=\"1815669e\" data-element_type=\"widget\" data-e-type=\"widget\" data-widget_type=\"image.default\">\n\t\t\t\t<div class=\"elementor-widget-container\">\n\t\t\t\t\t\t\t\t\t\t\t\t\t\t\t<img fetchpriority=\"high\" decoding=\"async\" width=\"756\" height=\"456\" src=\"https:\/\/senior-site-institucional-prod.s3.amazonaws.com\/wp-content\/uploads\/sites\/3\/2025\/10\/15110509\/solutions-image-2-1.png\" class=\"attachment-large size-large wp-image-34472\" alt=\"\" srcset=\"https:\/\/senior-site-institucional-prod.s3.amazonaws.com\/wp-content\/uploads\/sites\/3\/2025\/10\/15110509\/solutions-image-2-1.png 756w, https:\/\/senior-site-institucional-prod.s3.amazonaws.com\/wp-content\/uploads\/sites\/3\/2025\/10\/15110509\/solutions-image-2-1-300x181.png 300w\" sizes=\"(max-width: 756px) 100vw, 756px\" \/>\t\t\t\t\t\t\t\t\t\t\t\t\t\t\t<\/div>\n\t\t\t\t<\/div>\n\t\t\t\t<\/div>\n\t\t<div class=\"elementor-element elementor-element-25e171 e-con-full e-flex e-con e-child\" data-id=\"25e171\" data-element_type=\"container\" data-e-type=\"container\">\n\t\t\t\t<div class=\"elementor-element elementor-element-5a0b2fec elementor-widget elementor-widget-heading\" data-id=\"5a0b2fec\" data-element_type=\"widget\" data-e-type=\"widget\" data-widget_type=\"heading.default\">\n\t\t\t\t<div class=\"elementor-widget-container\">\n\t\t\t\t\t<h2 class=\"elementor-heading-title elementor-size-default\">Es m\u00e1s que tecnolog\u00eda.<br>Es Senior.<\/br><\/h2>\t\t\t\t<\/div>\n\t\t\t\t<\/div>\n\t\t\t\t<div class=\"elementor-element elementor-element-71617bd3 elementor-widget elementor-widget-heading\" data-id=\"71617bd3\" data-element_type=\"widget\" data-e-type=\"widget\" data-widget_type=\"heading.default\">\n\t\t\t\t<div class=\"elementor-widget-container\">\n\t\t\t\t\t<p class=\"elementor-heading-title elementor-size-default\"><b>Estamos presentes donde realmente suceden los resultados:<\/b><br> desde el piso de f\u00e1brica hasta la oficina, del agronegocio a las principales automotrices. Desde hace casi 40 a\u00f1os, apoyamos a empresas l\u00edderes con tecnolog\u00eda de gesti\u00f3n robusta, soluciones espec\u00edficas para cada sector e innovaci\u00f3n continua. M\u00e1s de 13.000 empresas ya conf\u00edan en Senior para transformar desaf\u00edos en eficiencia, datos en decisiones y procesos en resultados. Sea cual sea el desaf\u00edo de su gesti\u00f3n, cuenta con Senior para ir m\u00e1s all\u00e1.<\/p>\t\t\t\t<\/div>\n\t\t\t\t<\/div>\n\t\t\t\t<\/div>\n\t\t\t\t\t<\/div>\n\t\t\t\t<\/div>\n\t\t<div class=\"elementor-element elementor-element-270aabfd e-flex e-con-boxed e-con e-parent\" data-id=\"270aabfd\" data-element_type=\"container\" data-e-type=\"container\" data-settings=\"{&quot;background_background&quot;:&quot;classic&quot;}\">\n\t\t\t\t\t<div class=\"e-con-inner\">\n\t\t<div class=\"elementor-element elementor-element-42bd9119 e-con-full e-flex e-con e-child\" data-id=\"42bd9119\" data-element_type=\"container\" data-e-type=\"container\">\n\t\t\t\t<div class=\"elementor-element elementor-element-49d63ff elementor-widget__width-initial elementor-widget elementor-widget-heading\" data-id=\"49d63ff\" data-element_type=\"widget\" data-e-type=\"widget\" data-widget_type=\"heading.default\">\n\t\t\t\t<div class=\"elementor-widget-container\">\n\t\t\t\t\t<h2 class=\"elementor-heading-title elementor-size-default\">Nuestra historia es impulsar la suya<\/h2>\t\t\t\t<\/div>\n\t\t\t\t<\/div>\n\t\t\t\t<div class=\"elementor-element elementor-element-7bb49d3e elementor-widget__width-initial elementor-widget elementor-widget-heading\" data-id=\"7bb49d3e\" data-element_type=\"widget\" data-e-type=\"widget\" data-widget_type=\"heading.default\">\n\t\t\t\t<div class=\"elementor-widget-container\">\n\t\t\t\t\t<p class=\"elementor-heading-title elementor-size-default\">Fundada en 1988 en Brasil, Senior naci\u00f3 para ayudar a las empresas a crecer de forma sostenible, con tecnolog\u00eda confiable e innovaci\u00f3n constante.\n\nHoy estamos presentes en 9 pa\u00edses, con m\u00e1s de 3.300 colaboradores y soluciones que lideran la gesti\u00f3n de sectores estrat\u00e9gicos como industria, agronegocio, construcci\u00f3n, log\u00edstica y servicios.<\/p>\t\t\t\t<\/div>\n\t\t\t\t<\/div>\n\t\t\t\t<div class=\"elementor-element elementor-element-4880f9b6 elementor-align-left elementor-widget elementor-widget-button\" data-id=\"4880f9b6\" data-element_type=\"widget\" data-e-type=\"widget\" data-widget_type=\"button.default\">\n\t\t\t\t<div class=\"elementor-widget-container\">\n\t\t\t\t\t\t\t\t\t<div class=\"elementor-button-wrapper\">\n\t\t\t\t\t<a class=\"elementor-button elementor-button-link elementor-size-sm\" href=\"#FORM-Site-Senior-Internacional-institucional-espanhol\" data-fancybox=\"\">\n\t\t\t\t\t\t<span class=\"elementor-button-content-wrapper\">\n\t\t\t\t\t\t\t\t\t<span class=\"elementor-button-text\">Solicitar una propuesta<\/span>\n\t\t\t\t\t<\/span>\n\t\t\t\t\t<\/a>\n\t\t\t\t<\/div>\n\t\t\t\t\t\t\t\t<\/div>\n\t\t\t\t<\/div>\n\t\t\t\t<\/div>\n\t\t\t\t\t<\/div>\n\t\t\t\t<\/div>\n\t\t<div class=\"elementor-element elementor-element-55cdcc08 e-flex e-con-boxed e-con e-parent\" data-id=\"55cdcc08\" data-element_type=\"container\" data-e-type=\"container\" data-settings=\"{&quot;background_background&quot;:&quot;classic&quot;}\">\n\t\t\t\t\t<div class=\"e-con-inner\">\n\t\t<div class=\"elementor-element elementor-element-62c39fb9 e-con-full e-flex e-con e-child\" data-id=\"62c39fb9\" data-element_type=\"container\" data-e-type=\"container\">\n\t\t\t\t<div class=\"elementor-element elementor-element-7548edd4 elementor-widget elementor-widget-heading\" data-id=\"7548edd4\" data-element_type=\"widget\" data-e-type=\"widget\" data-widget_type=\"heading.default\">\n\t\t\t\t<div class=\"elementor-widget-container\">\n\t\t\t\t\t<h2 class=\"elementor-heading-title elementor-size-default\">Una presencia que<br>\ntrasciende fronteras<\/h2>\t\t\t\t<\/div>\n\t\t\t\t<\/div>\n\t\t\t\t<div class=\"elementor-element elementor-element-6347d1af elementor-widget elementor-widget-heading\" data-id=\"6347d1af\" data-element_type=\"widget\" data-e-type=\"widget\" data-widget_type=\"heading.default\">\n\t\t\t\t<div class=\"elementor-widget-container\">\n\t\t\t\t\t<h2 class=\"elementor-heading-title elementor-size-default\">Operamos en toda Am\u00e9rica Latina y seguimos ampliando nuestra presencia a escala global. Nuestra estructura combina alianzas locales, acompa\u00f1amiento cercano y tecnolog\u00eda adaptable a la realidad de cada mercado.<\/h2>\t\t\t\t<\/div>\n\t\t\t\t<\/div>\n\t\t\t\t<\/div>\n\t\t<div class=\"elementor-element elementor-element-7daf275c e-con-full e-flex e-con e-child\" data-id=\"7daf275c\" data-element_type=\"container\" data-e-type=\"container\">\n\t\t\t\t<div class=\"elementor-element elementor-element-78f31bed elementor-widget elementor-widget-image\" data-id=\"78f31bed\" data-element_type=\"widget\" data-e-type=\"widget\" data-widget_type=\"image.default\">\n\t\t\t\t<div class=\"elementor-widget-container\">\n\t\t\t\t\t\t\t\t\t\t\t\t\t\t\t<img decoding=\"async\" width=\"1024\" height=\"1020\" src=\"https:\/\/senior-site-institucional-prod.s3.amazonaws.com\/wp-content\/uploads\/sites\/3\/2025\/10\/24152247\/Modelo-com-S-no-fundo-1-1024x1020.png\" class=\"attachment-large size-large wp-image-34829\" alt=\"\" srcset=\"https:\/\/senior-site-institucional-prod.s3.amazonaws.com\/wp-content\/uploads\/sites\/3\/2025\/10\/24152247\/Modelo-com-S-no-fundo-1-1024x1020.png 1024w, https:\/\/senior-site-institucional-prod.s3.amazonaws.com\/wp-content\/uploads\/sites\/3\/2025\/10\/24152247\/Modelo-com-S-no-fundo-1-300x300.png 300w, https:\/\/senior-site-institucional-prod.s3.amazonaws.com\/wp-content\/uploads\/sites\/3\/2025\/10\/24152247\/Modelo-com-S-no-fundo-1-150x150.png 150w, https:\/\/senior-site-institucional-prod.s3.amazonaws.com\/wp-content\/uploads\/sites\/3\/2025\/10\/24152247\/Modelo-com-S-no-fundo-1-768x765.png 768w, https:\/\/senior-site-institucional-prod.s3.amazonaws.com\/wp-content\/uploads\/sites\/3\/2025\/10\/24152247\/Modelo-com-S-no-fundo-1.png 1040w\" sizes=\"(max-width: 1024px) 100vw, 1024px\" \/>\t\t\t\t\t\t\t\t\t\t\t\t\t\t\t<\/div>\n\t\t\t\t<\/div>\n\t\t\t\t<\/div>\n\t\t\t\t\t<\/div>\n\t\t\t\t<\/div>\n\t\t\t\t<\/div>\n\t\t","protected":false},"excerpt":{"rendered":"<p>Tecnolog\u00eda para quienes lideran Somos Senior, especialistas en soluciones de gesti\u00f3n con IA integrada para transformar datos en decisiones y negocios en resultados. Es m\u00e1s que tecnolog\u00eda.Es Senior. Estamos presentes donde realmente suceden los resultados: desde el piso de f\u00e1brica hasta la oficina, del agronegocio a las principales automotrices. Desde hace casi 40 a\u00f1os, apoyamos [&hellip;]<\/p>\n","protected":false},"author":5,"featured_media":0,"parent":0,"menu_order":0,"comment_status":"closed","ping_status":"closed","template":"","meta":{"_acf_changed":false,"footnotes":""},"class_list":["post-34469","page","type-page","status-publish","hentry"],"acf":[],"yoast_head":"<!-- This site is optimized with the Yoast SEO plugin v27.2 - https:\/\/yoast.com\/product\/yoast-seo-wordpress\/ -->\n<title>Acerca de Senior - Sistemas Senior<\/title>\n<meta name=\"description\" content=\"Somos Senior, especialistas en soluciones de gesti\u00f3n con IA embebida, que transforman los datos en decisiones y el negocio en resultados.\" \/>\n<meta name=\"robots\" content=\"index, follow, max-snippet:-1, max-image-preview:large, max-video-preview:-1\" \/>\n<link rel=\"canonical\" href=\"https:\/\/site.senior.com.br\/es\/sobre\/\" \/>\n<meta property=\"og:locale\" content=\"pt_BR\" \/>\n<meta property=\"og:type\" content=\"article\" \/>\n<meta property=\"og:title\" content=\"Acerca de Senior - Sistemas Senior\" \/>\n<meta property=\"og:description\" content=\"Somos Senior, especialistas en soluciones de gesti\u00f3n con IA embebida, que transforman los datos en decisiones y el negocio en resultados.\" \/>\n<meta property=\"og:url\" content=\"https:\/\/site.senior.com.br\/es\/sobre\/\" \/>\n<meta property=\"og:site_name\" content=\"Senior Sistemas\" \/>\n<meta property=\"article:modified_time\" content=\"2025-11-07T19:20:42+00:00\" \/>\n<meta property=\"og:image\" content=\"https:\/\/site.senior.com.br\/es\/wp-content\/uploads\/sites\/3\/2025\/10\/solutions-image-2-1.png\" \/>\n<meta name=\"twitter:card\" content=\"summary_large_image\" \/>\n<meta name=\"twitter:label1\" content=\"Est. tempo de leitura\" \/>\n\t<meta name=\"twitter:data1\" content=\"2 minutos\" \/>\n<script type=\"application\/ld+json\" class=\"yoast-schema-graph\">{\"@context\":\"https:\/\/schema.org\",\"@graph\":[{\"@type\":\"WebPage\",\"@id\":\"https:\/\/site.senior.com.br\/es\/sobre\/\",\"url\":\"https:\/\/site.senior.com.br\/es\/sobre\/\",\"name\":\"Acerca de Senior - Sistemas Senior\",\"isPartOf\":{\"@id\":\"https:\/\/site.senior.com.br\/es\/#website\"},\"primaryImageOfPage\":{\"@id\":\"https:\/\/site.senior.com.br\/es\/sobre\/#primaryimage\"},\"image\":{\"@id\":\"https:\/\/site.senior.com.br\/es\/sobre\/#primaryimage\"},\"thumbnailUrl\":\"https:\/\/site.senior.com.br\/es\/wp-content\/uploads\/sites\/3\/2025\/10\/solutions-image-2-1.png\",\"datePublished\":\"2025-10-15T14:06:20+00:00\",\"dateModified\":\"2025-11-07T19:20:42+00:00\",\"description\":\"Somos Senior, especialistas en soluciones de gesti\u00f3n con IA embebida, que transforman los datos en decisiones y el negocio en resultados.\",\"breadcrumb\":{\"@id\":\"https:\/\/site.senior.com.br\/es\/sobre\/#breadcrumb\"},\"inLanguage\":\"pt-BR\",\"potentialAction\":[{\"@type\":\"ReadAction\",\"target\":[\"https:\/\/site.senior.com.br\/es\/sobre\/\"]}]},{\"@type\":\"ImageObject\",\"inLanguage\":\"pt-BR\",\"@id\":\"https:\/\/site.senior.com.br\/es\/sobre\/#primaryimage\",\"url\":\"https:\/\/senior-site-institucional-prod.s3.amazonaws.com\/wp-content\/uploads\/sites\/3\/2025\/10\/15110509\/solutions-image-2-1.png\",\"contentUrl\":\"https:\/\/senior-site-institucional-prod.s3.amazonaws.com\/wp-content\/uploads\/sites\/3\/2025\/10\/15110509\/solutions-image-2-1.png\",\"width\":756,\"height\":456},{\"@type\":\"BreadcrumbList\",\"@id\":\"https:\/\/site.senior.com.br\/es\/sobre\/#breadcrumb\",\"itemListElement\":[{\"@type\":\"ListItem\",\"position\":1,\"name\":\"In\u00edcio\",\"item\":\"https:\/\/site.senior.com.br\/es\/\"},{\"@type\":\"ListItem\",\"position\":2,\"name\":\"Sobre\"}]},{\"@type\":\"WebSite\",\"@id\":\"https:\/\/site.senior.com.br\/es\/#website\",\"url\":\"https:\/\/site.senior.com.br\/es\/\",\"name\":\"Senior Sistemas\",\"description\":\"\",\"potentialAction\":[{\"@type\":\"SearchAction\",\"target\":{\"@type\":\"EntryPoint\",\"urlTemplate\":\"https:\/\/site.senior.com.br\/es\/?s={search_term_string}\"},\"query-input\":{\"@type\":\"PropertyValueSpecification\",\"valueRequired\":true,\"valueName\":\"search_term_string\"}}],\"inLanguage\":\"pt-BR\"}]}<\/script>\n<!-- \/ Yoast SEO plugin. -->","yoast_head_json":{"title":"Acerca de Senior - Sistemas Senior","description":"Somos Senior, especialistas en soluciones de gesti\u00f3n con IA embebida, que transforman los datos en decisiones y el negocio en resultados.","robots":{"index":"index","follow":"follow","max-snippet":"max-snippet:-1","max-image-preview":"max-image-preview:large","max-video-preview":"max-video-preview:-1"},"canonical":"https:\/\/site.senior.com.br\/es\/sobre\/","og_locale":"pt_BR","og_type":"article","og_title":"Acerca de Senior - Sistemas Senior","og_description":"Somos Senior, especialistas en soluciones de gesti\u00f3n con IA embebida, que transforman los datos en decisiones y el negocio en resultados.","og_url":"https:\/\/site.senior.com.br\/es\/sobre\/","og_site_name":"Senior Sistemas","article_modified_time":"2025-11-07T19:20:42+00:00","og_image":[{"url":"https:\/\/site.senior.com.br\/es\/wp-content\/uploads\/sites\/3\/2025\/10\/solutions-image-2-1.png","type":"","width":"","height":""}],"twitter_card":"summary_large_image","twitter_misc":{"Est. tempo de leitura":"2 minutos"},"schema":{"@context":"https:\/\/schema.org","@graph":[{"@type":"WebPage","@id":"https:\/\/site.senior.com.br\/es\/sobre\/","url":"https:\/\/site.senior.com.br\/es\/sobre\/","name":"Acerca de Senior - Sistemas Senior","isPartOf":{"@id":"https:\/\/site.senior.com.br\/es\/#website"},"primaryImageOfPage":{"@id":"https:\/\/site.senior.com.br\/es\/sobre\/#primaryimage"},"image":{"@id":"https:\/\/site.senior.com.br\/es\/sobre\/#primaryimage"},"thumbnailUrl":"https:\/\/site.senior.com.br\/es\/wp-content\/uploads\/sites\/3\/2025\/10\/solutions-image-2-1.png","datePublished":"2025-10-15T14:06:20+00:00","dateModified":"2025-11-07T19:20:42+00:00","description":"Somos Senior, especialistas en soluciones de gesti\u00f3n con IA embebida, que transforman los datos en decisiones y el negocio en resultados.","breadcrumb":{"@id":"https:\/\/site.senior.com.br\/es\/sobre\/#breadcrumb"},"inLanguage":"pt-BR","potentialAction":[{"@type":"ReadAction","target":["https:\/\/site.senior.com.br\/es\/sobre\/"]}]},{"@type":"ImageObject","inLanguage":"pt-BR","@id":"https:\/\/site.senior.com.br\/es\/sobre\/#primaryimage","url":"https:\/\/senior-site-institucional-prod.s3.amazonaws.com\/wp-content\/uploads\/sites\/3\/2025\/10\/15110509\/solutions-image-2-1.png","contentUrl":"https:\/\/senior-site-institucional-prod.s3.amazonaws.com\/wp-content\/uploads\/sites\/3\/2025\/10\/15110509\/solutions-image-2-1.png","width":756,"height":456},{"@type":"BreadcrumbList","@id":"https:\/\/site.senior.com.br\/es\/sobre\/#breadcrumb","itemListElement":[{"@type":"ListItem","position":1,"name":"In\u00edcio","item":"https:\/\/site.senior.com.br\/es\/"},{"@type":"ListItem","position":2,"name":"Sobre"}]},{"@type":"WebSite","@id":"https:\/\/site.senior.com.br\/es\/#website","url":"https:\/\/site.senior.com.br\/es\/","name":"Senior Sistemas","description":"","potentialAction":[{"@type":"SearchAction","target":{"@type":"EntryPoint","urlTemplate":"https:\/\/site.senior.com.br\/es\/?s={search_term_string}"},"query-input":{"@type":"PropertyValueSpecification","valueRequired":true,"valueName":"search_term_string"}}],"inLanguage":"pt-BR"}]}},"_links":{"self":[{"href":"https:\/\/site.senior.com.br\/es\/wp-json\/wp\/v2\/pages\/34469","targetHints":{"allow":["GET"]}}],"collection":[{"href":"https:\/\/site.senior.com.br\/es\/wp-json\/wp\/v2\/pages"}],"about":[{"href":"https:\/\/site.senior.com.br\/es\/wp-json\/wp\/v2\/types\/page"}],"author":[{"embeddable":true,"href":"https:\/\/site.senior.com.br\/es\/wp-json\/wp\/v2\/users\/5"}],"replies":[{"embeddable":true,"href":"https:\/\/site.senior.com.br\/es\/wp-json\/wp\/v2\/comments?post=34469"}],"version-history":[{"count":45,"href":"https:\/\/site.senior.com.br\/es\/wp-json\/wp\/v2\/pages\/34469\/revisions"}],"predecessor-version":[{"id":35320,"href":"https:\/\/site.senior.com.br\/es\/wp-json\/wp\/v2\/pages\/34469\/revisions\/35320"}],"wp:attachment":[{"href":"https:\/\/site.senior.com.br\/es\/wp-json\/wp\/v2\/media?parent=34469"}],"curies":[{"name":"wp","href":"https:\/\/api.w.org\/{rel}","templated":true}]}}